{"id":10029,"date":"2025-10-02T12:58:39","date_gmt":"2025-10-02T12:58:39","guid":{"rendered":"http:\/\/oneforall.semitron.de\/legal-notice\/"},"modified":"2026-02-12T13:28:44","modified_gmt":"2026-02-12T13:28:44","slug":"imprint","status":"publish","type":"page","link":"https:\/\/www.semitron.de\/en\/miscellaneous\/imprint\/","title":{"rendered":"Imprint"},"content":{"rendered":"\t\t<div data-elementor-type=\"wp-page\" data-elementor-id=\"10029\" class=\"elementor elementor-10029 elementor-649\" data-elementor-post-type=\"page\">\n\t\t\t\t<div class=\"elementor-element elementor-element-7f2da63 e-flex e-con-boxed e-con e-parent\" data-id=\"7f2da63\" data-element_type=\"container\" data-e-type=\"container\" data-settings=\"{&quot;background_background&quot;:&quot;classic&quot;}\">\n\t\t\t\t\t<div class=\"e-con-inner\">\n\t\t\t\t<div class=\"elementor-element elementor-element-8c9d670 mobilesmallsize elementor-widget elementor-widget-heading\" data-id=\"8c9d670\" data-element_type=\"widget\" data-e-type=\"widget\" data-widget_type=\"heading.default\">\n\t\t\t\t\t<h1 class=\"elementor-heading-title elementor-size-default\">Legal Notice<\/h1>\t\t\t\t<\/div>\n\t\t\t\t\t<\/div>\n\t\t\t\t<\/div>\n\t\t<div class=\"elementor-element elementor-element-9a9f50e e-flex e-con-boxed e-con e-parent\" data-id=\"9a9f50e\" data-element_type=\"container\" data-e-type=\"container\">\n\t\t\t\t\t<div class=\"e-con-inner\">\n\t\t\t\t<div class=\"elementor-element elementor-element-07907e5 elementor-widget elementor-widget-heading\" data-id=\"07907e5\" data-element_type=\"widget\" data-e-type=\"widget\" data-widget_type=\"heading.default\">\n\t\t\t\t\t<h2 class=\"elementor-heading-title elementor-size-default\">Headquarters<\/h2>\t\t\t\t<\/div>\n\t\t\t\t<div class=\"elementor-element elementor-element-98c6a74 textLink1 elementor-widget elementor-widget-text-editor\" data-id=\"98c6a74\" data-element_type=\"widget\" data-e-type=\"widget\" data-widget_type=\"text-editor.default\">\n\t\t\t\t\t\t\t\t\t<p>SEMITRON W.R\u00f6ck GmbH<br \/>Talweg 1<br \/>79790 K\u00fcssaberg<\/p><p><strong>Telephone:<\/strong> <a href=\"tel:+49 7742 8001-0\">+49 7742 8001-0<\/a><br \/><strong>Fax:<\/strong> +49 7742 6901<\/p>\t\t\t\t\t\t\t\t<\/div>\n\t\t\t\t<div class=\"elementor-element elementor-element-fa2d886 elementor-widget elementor-widget-heading\" data-id=\"fa2d886\" data-element_type=\"widget\" data-e-type=\"widget\" data-widget_type=\"heading.default\">\n\t\t\t\t\t<h2 class=\"elementor-heading-title elementor-size-default\">Management<\/h2>\t\t\t\t<\/div>\n\t\t\t\t<div class=\"elementor-element elementor-element-7dee79f elementor-widget elementor-widget-text-editor\" data-id=\"7dee79f\" data-element_type=\"widget\" data-e-type=\"widget\" data-widget_type=\"text-editor.default\">\n\t\t\t\t\t\t\t\t\t<p>Dipl.-Ing. Werner R\u00f6ck (Owner and Managing Director)<\/p><p><strong>Register court:<\/strong> Freiburg District Court, HRB 620290<\/p><p><strong>USt.Iden:<\/strong> DE142833932 <strong><br \/>WEEE Reg.-No. :<\/strong> DE21361671<\/p>\t\t\t\t\t\t\t\t<\/div>\n\t\t\t\t<div class=\"elementor-element elementor-element-75de031 elementor-widget elementor-widget-heading\" data-id=\"75de031\" data-element_type=\"widget\" data-e-type=\"widget\" data-widget_type=\"heading.default\">\n\t\t\t\t\t<h2 class=\"elementor-heading-title elementor-size-default\">Sales Offices<\/h2>\t\t\t\t<\/div>\n\t\t\t\t<div class=\"elementor-element elementor-element-35b9be1 textLink1 elementor-widget elementor-widget-text-editor\" data-id=\"35b9be1\" data-element_type=\"widget\" data-e-type=\"widget\" data-widget_type=\"text-editor.default\">\n\t\t\t\t\t\t\t\t\t<p>SEMITRON W.R\u00f6ck GmbH<br \/>Calwer Stra\u00dfe 27\/29<br \/>71034 B\u00f6blingen<\/p><p><strong> Telefon:<\/strong> <a href=\"tel:+49 7031 41808-0\">+49 7031 41808-0<\/a><br \/><strong>Fax:<\/strong> +49 7031 41808-59<\/p><p>SEMITRON W.R\u00f6ck GmbH<br \/>Kieler Stra\u00dfe 38<br \/>25451 Quickborn<\/p><p><strong>Telefon:<\/strong> <a href=\"tel:+49 4106 62291-0\">+49 4106 62291-0<\/a><br \/><strong>Fax:<\/strong> +49 4106 62291-69<\/p><p>SEMITRON W.R\u00f6ck GmbH<br \/>Lina-Ammon-Str. 19A<br \/>90471 N\u00fcrnberg<\/p><p><strong>Telefon:<\/strong> <a href=\"tel:+49 911 3003380-0\">+49 911 3003380-0<\/a><br \/><strong>Fax:<\/strong> +49 911 300338-69<\/p>\t\t\t\t\t\t\t\t<\/div>\n\t\t\t\t<div class=\"elementor-element elementor-element-329f8c6 elementor-widget elementor-widget-heading\" data-id=\"329f8c6\" data-element_type=\"widget\" data-e-type=\"widget\" data-widget_type=\"heading.default\">\n\t\t\t\t\t<h2 class=\"elementor-heading-title elementor-size-default\">Legal Information<br \/>\n(Liability&shy;Disclaimer)<\/h2>\t\t\t\t<\/div>\n\t\t\t\t<div class=\"elementor-element elementor-element-dc2ec01 elementor-widget elementor-widget-text-editor\" data-id=\"dc2ec01\" data-element_type=\"widget\" data-e-type=\"widget\" data-widget_type=\"text-editor.default\">\n\t\t\t\t\t\t\t\t\t<p>1. Content of the online offer<\/p>\t\t\t\t\t\t\t\t<\/div>\n\t\t\t\t<div class=\"elementor-element elementor-element-5f72a5a elementor-widget elementor-widget-text-editor\" data-id=\"5f72a5a\" data-element_type=\"widget\" data-e-type=\"widget\" data-widget_type=\"text-editor.default\">\n\t\t\t\t\t\t\t\t\t<p>The author assumes no liability for the accuracy, completeness, or quality of the information provided. Liability claims against the author relating to material or non-material damage caused by the use or non-use of the information provided or by the use of incorrect or incomplete information are fundamentally excluded, unless the author can be proven to have acted with intent or gross negligence. All offers are non-binding. The author expressly reserves the right to change, supplement, or delete parts of the pages or the entire offer without prior notice, or to temporarily or permanently discontinue publication.<\/p>\t\t\t\t\t\t\t\t<\/div>\n\t\t\t\t<div class=\"elementor-element elementor-element-e3d2c1a elementor-widget elementor-widget-text-editor\" data-id=\"e3d2c1a\" data-element_type=\"widget\" data-e-type=\"widget\" data-widget_type=\"text-editor.default\">\n\t\t\t\t\t\t\t\t\t<p>2. References and links<\/p>\t\t\t\t\t\t\t\t<\/div>\n\t\t\t\t<div class=\"elementor-element elementor-element-8af581e elementor-widget elementor-widget-text-editor\" data-id=\"8af581e\" data-element_type=\"widget\" data-e-type=\"widget\" data-widget_type=\"text-editor.default\">\n\t\t\t\t\t\t\t\t\t<p>In the case of direct or indirect references to external websites (&#8220;links&#8221;) that lie outside the author&#8217;s area of responsibility, a liability obligation would only come into force if the author had knowledge of the content and it were technically possible and reasonable for him to prevent use in the case of illegal content. The author therefore expressly declares that at the time the links were set, the corresponding linked pages were free of illegal content. The author has no influence on the current and future design and content of the linked pages. He therefore expressly distances himself from all content on all linked pages that was changed after the link was set. This statement applies to all links and references set within the author&#8217;s own website as well as to third-party entries in guest books, discussion forums, and mailing lists set up by the author. The provider of the page to which reference is made, and not the person who merely refers to the respective publication via links, is solely liable for illegal, incorrect, or incomplete content and in particular for damages resulting from the use or non-use of such information.<\/p>\t\t\t\t\t\t\t\t<\/div>\n\t\t\t\t<div class=\"elementor-element elementor-element-f683398 elementor-widget elementor-widget-text-editor\" data-id=\"f683398\" data-element_type=\"widget\" data-e-type=\"widget\" data-widget_type=\"text-editor.default\">\n\t\t\t\t\t\t\t\t\t<p>3. Copyright and trademark law<\/p>\t\t\t\t\t\t\t\t<\/div>\n\t\t\t\t<div class=\"elementor-element elementor-element-9003738 elementor-widget elementor-widget-text-editor\" data-id=\"9003738\" data-element_type=\"widget\" data-e-type=\"widget\" data-widget_type=\"text-editor.default\">\n\t\t\t\t\t\t\t\t\t<p>The author endeavors to observe the copyrights of all graphics, audio documents, video sequences, and texts used in all publications, to use graphics, audio documents, video sequences, and texts created by himself, or to resort to license-free graphics, audio documents, video sequences, and texts. All trademarks and brand names mentioned within the website and possibly protected by third parties are subject without restriction to the provisions of the applicable trademark law and the ownership rights of the respective registered owners. The mere mention alone does not permit the conclusion that trademarks are not protected by the rights of third parties. The copyright for published objects created by the author himself remains solely with the author of the pages. Reproduction or use of such graphics, audio documents, video sequences, and texts in other electronic or printed publications is not permitted without the express consent of the author.<\/p>\t\t\t\t\t\t\t\t<\/div>\n\t\t\t\t<div class=\"elementor-element elementor-element-faae806 elementor-widget elementor-widget-text-editor\" data-id=\"faae806\" data-element_type=\"widget\" data-e-type=\"widget\" data-widget_type=\"text-editor.default\">\n\t\t\t\t\t\t\t\t\t<p>4. Legal validity of this disclaimer<\/p>\t\t\t\t\t\t\t\t<\/div>\n\t\t\t\t<div class=\"elementor-element elementor-element-8fb4981 elementor-widget elementor-widget-text-editor\" data-id=\"8fb4981\" data-element_type=\"widget\" data-e-type=\"widget\" data-widget_type=\"text-editor.default\">\n\t\t\t\t\t\t\t\t\t<p>This disclaimer is to be regarded as part of the website from which reference was made to this page. If parts or individual formulations of this text do not, no longer, or do not completely correspond to the applicable legal situation, the remaining parts of the document remain unaffected in their content and validity.<\/p>\t\t\t\t\t\t\t\t<\/div>\n\t\t\t\t\t<\/div>\n\t\t\t\t<\/div>\n\t\t\t\t<\/div>\n\t\t","protected":false},"excerpt":{"rendered":"<p>Legal Notice Headquarters SEMITRON W.R\u00f6ck GmbH Talweg 1 79790 K\u00fcssaberg Telephone: +49 7742 8001-0 Fax: +49 7742 6901 Management Dipl.-Ing. Werner R\u00f6ck (Owner and Managing Director) Register court: Freiburg District Court, HRB 620290 USt.Iden: DE142833932 WEEE Reg.-No. : DE21361671 Sales Offices SEMITRON W.R\u00f6ck GmbH Calwer Stra\u00dfe 27\/29 71034 B\u00f6blingen Telefon: +49 7031 41808-0 Fax: +49 [&hellip;]<\/p>\n","protected":false},"author":1,"featured_media":0,"parent":10111,"menu_order":0,"comment_status":"closed","ping_status":"closed","template":"","meta":{"_acf_changed":false,"footnotes":""},"page_categories":[],"class_list":["post-10029","page","type-page","status-publish","hentry"],"acf":[],"_links":{"self":[{"href":"https:\/\/www.semitron.de\/en\/wp-json\/wp\/v2\/pages\/10029","targetHints":{"allow":["GET"]}}],"collection":[{"href":"https:\/\/www.semitron.de\/en\/wp-json\/wp\/v2\/pages"}],"about":[{"href":"https:\/\/www.semitron.de\/en\/wp-json\/wp\/v2\/types\/page"}],"author":[{"embeddable":true,"href":"https:\/\/www.semitron.de\/en\/wp-json\/wp\/v2\/users\/1"}],"replies":[{"embeddable":true,"href":"https:\/\/www.semitron.de\/en\/wp-json\/wp\/v2\/comments?post=10029"}],"version-history":[{"count":0,"href":"https:\/\/www.semitron.de\/en\/wp-json\/wp\/v2\/pages\/10029\/revisions"}],"up":[{"embeddable":true,"href":"https:\/\/www.semitron.de\/en\/wp-json\/wp\/v2\/pages\/10111"}],"wp:attachment":[{"href":"https:\/\/www.semitron.de\/en\/wp-json\/wp\/v2\/media?parent=10029"}],"wp:term":[{"taxonomy":"page_categories","embeddable":true,"href":"https:\/\/www.semitron.de\/en\/wp-json\/wp\/v2\/page_categories?post=10029"}],"curies":[{"name":"wp","href":"https:\/\/api.w.org\/{rel}","templated":true}]}}